{"id":3076,"date":"2024-05-14T22:14:38","date_gmt":"2024-05-14T22:14:38","guid":{"rendered":"http:\/\/www.lidertohum.com\/?page_id=3076"},"modified":"2024-05-18T08:46:47","modified_gmt":"2024-05-18T08:46:47","slug":"kavun-karpuz","status":"publish","type":"page","link":"https:\/\/www.lidertohum.com\/en\/kavun-karpuz\/","title":{"rendered":"Melon and Watermelon"},"content":{"rendered":"<div data-elementor-type=\"wp-page\" data-elementor-id=\"3076\" class=\"elementor elementor-3076\">\n\t\t\t\t<div class=\"elementor-element elementor-element-538eb44b e-grid e-con-boxed e-con e-parent\" data-id=\"538eb44b\" data-element_type=\"container\">\n\t\t\t\t\t<div class=\"e-con-inner\">\n\t\t<div class=\"elementor-element elementor-element-1109fc49 e-flex e-con-boxed e-con e-child\" data-id=\"1109fc49\" data-element_type=\"container\">\n\t\t\t\t\t<div class=\"e-con-inner\">\n\t\t\r\n\t\t<div class=\"elementor-element elementor-element-29eca335 elementor-widget elementor-widget-image\" data-id=\"29eca335\" data-element_type=\"widget\" data-widget_type=\"image.default\">\n\t\t\t\t<div class=\"elementor-widget-container\">\n\t\t\t<style>\/*! elementor - v3.22.0 - 17-06-2024 *\/\n.elementor-widget-image{text-align:center}.elementor-widget-image a{display:inline-block}.elementor-widget-image a img[src$=\".svg\"]{width:48px}.elementor-widget-image img{vertical-align:middle;display:inline-block}<\/style>\t\t\t\t\t\t\t\t\t\t\t<a href=\"https:\/\/lidertohum.com\/en\/product-category\/kavun-karpuz\/ananas\/\">\n\t\t\t\t\t\t\t<img decoding=\"async\" width=\"263\" height=\"166\" src=\"https:\/\/www.lidertohum.com\/wp-content\/uploads\/2024\/05\/ananas.jpg\" class=\"attachment-large size-large wp-image-3120\" alt=\"\" \/>\t\t\t\t\t\t\t\t<\/a>\n\t\t\t\t\t\t\t\t\t\t\t\t\t<\/div>\n\t\t\t\t<\/div>\n\t\t\t\t<div class=\"elementor-element elementor-element-7577c780 elementor-widget elementor-widget-heading\" data-id=\"7577c780\" data-element_type=\"widget\" data-widget_type=\"heading.default\">\n\t\t\t\t<div class=\"elementor-widget-container\">\n\t\t\t<style>\/*! elementor - v3.22.0 - 17-06-2024 *\/\n.elementor-heading-title{padding:0;margin:0;line-height:1}.elementor-widget-heading .elementor-heading-title[class*=elementor-size-]>a{color:inherit;font-size:inherit;line-height:inherit}.elementor-widget-heading .elementor-heading-title.elementor-size-small{font-size:15px}.elementor-widget-heading .elementor-heading-title.elementor-size-medium{font-size:19px}.elementor-widget-heading .elementor-heading-title.elementor-size-large{font-size:29px}.elementor-widget-heading .elementor-heading-title.elementor-size-xl{font-size:39px}.elementor-widget-heading .elementor-heading-title.elementor-size-xxl{font-size:59px}<\/style><h3 class=\"elementor-heading-title elementor-size-default\">Pineapple<\/h3>\t\t<\/div>\n\t\t\t\t<\/div>\n\t\t\t\t\t<\/div>\n\t\t\t\t<\/div>\n\t\t<div class=\"elementor-element elementor-element-8b1d311 e-flex e-con-boxed e-con e-child\" data-id=\"8b1d311\" data-element_type=\"container\">\n\t\t\t\t\t<div class=\"e-con-inner\">\n\t\t\t\t<div class=\"elementor-element elementor-element-61a55423 elementor-widget elementor-widget-image\" data-id=\"61a55423\" data-element_type=\"widget\" data-widget_type=\"image.default\">\n\t\t\t\t<div class=\"elementor-widget-container\">\n\t\t\t\t\t\t\t\t\t\t\t\t\t\t<a href=\"https:\/\/lidertohum.com\/en\/product-category\/kavun-karpuz\/galya\/\">\n\t\t\t\t\t\t\t<img decoding=\"async\" width=\"263\" height=\"166\" src=\"https:\/\/www.lidertohum.com\/wp-content\/uploads\/2024\/05\/galya.jpg\" class=\"attachment-large size-large wp-image-3119\" alt=\"\" \/>\t\t\t\t\t\t\t\t<\/a>\n\t\t\t\t\t\t\t\t\t\t\t\t\t<\/div>\n\t\t\t\t<\/div>\n\t\t\t\t<div class=\"elementor-element elementor-element-dd2594b elementor-widget elementor-widget-heading\" data-id=\"dd2594b\" data-element_type=\"widget\" data-widget_type=\"heading.default\">\n\t\t\t\t<div class=\"elementor-widget-container\">\n\t\t\t<h3 class=\"elementor-heading-title elementor-size-default\">Gaul<\/h3>\t\t<\/div>\n\t\t\t\t<\/div>\n\t\t\t\t\t<\/div>\n\t\t\t\t<\/div>\n\t\t<div class=\"elementor-element elementor-element-177c20ae e-flex e-con-boxed e-con e-child\" data-id=\"177c20ae\" data-element_type=\"container\">\n\t\t\t\t\t<div class=\"e-con-inner\">\n\t\t\t\t<div class=\"elementor-element elementor-element-12bbcb3c elementor-widget elementor-widget-image\" data-id=\"12bbcb3c\" data-element_type=\"widget\" data-widget_type=\"image.default\">\n\t\t\t\t<div class=\"elementor-widget-container\">\n\t\t\t\t\t\t\t\t\t\t\t\t\t\t<a href=\"https:\/\/lidertohum.com\/en\/product-category\/kavun-karpuz\/kirkagac\/\">\n\t\t\t\t\t\t\t<img decoding=\"async\" width=\"263\" height=\"166\" src=\"https:\/\/www.lidertohum.com\/wp-content\/uploads\/2024\/05\/kirkagac.jpg\" class=\"attachment-large size-large wp-image-3118\" alt=\"\" \/>\t\t\t\t\t\t\t\t<\/a>\n\t\t\t\t\t\t\t\t\t\t\t\t\t<\/div>\n\t\t\t\t<\/div>\n\t\t\t\t<div class=\"elementor-element elementor-element-684eb4e9 elementor-widget elementor-widget-heading\" data-id=\"684eb4e9\" data-element_type=\"widget\" data-widget_type=\"heading.default\">\n\t\t\t\t<div class=\"elementor-widget-container\">\n\t\t\t<h3 class=\"elementor-heading-title elementor-size-default\">K\u0131rka\u011fa\u00e7<\/h3>\t\t<\/div>\n\t\t\t\t<\/div>\n\t\t\t\t\t<\/div>\n\t\t\t\t<\/div>\n\t\t<div class=\"elementor-element elementor-element-247f7d8 e-flex e-con-boxed e-con e-child\" data-id=\"247f7d8\" data-element_type=\"container\">\n\t\t\t\t\t<div class=\"e-con-inner\">\n\t\t\t\t<div class=\"elementor-element elementor-element-f65779e elementor-widget elementor-widget-image\" data-id=\"f65779e\" data-element_type=\"widget\" data-widget_type=\"image.default\">\n\t\t\t\t<div class=\"elementor-widget-container\">\n\t\t\t\t\t\t\t\t\t\t\t\t\t\t<a href=\"https:\/\/lidertohum.com\/en\/product-category\/kavun-karpuz\/siyah-karpuz\/\">\n\t\t\t\t\t\t\t<img loading=\"lazy\" decoding=\"async\" width=\"263\" height=\"166\" src=\"https:\/\/www.lidertohum.com\/wp-content\/uploads\/2024\/05\/siyah.jpg\" class=\"attachment-large size-large wp-image-3117\" alt=\"\" \/>\t\t\t\t\t\t\t\t<\/a>\n\t\t\t\t\t\t\t\t\t\t\t\t\t<\/div>\n\t\t\t\t<\/div>\n\t\t\t\t<div class=\"elementor-element elementor-element-1169998 elementor-widget elementor-widget-heading\" data-id=\"1169998\" data-element_type=\"widget\" data-widget_type=\"heading.default\">\n\t\t\t\t<div class=\"elementor-widget-container\">\n\t\t\t<h3 class=\"elementor-heading-title elementor-size-default\">Black Watermelon<\/h3>\t\t<\/div>\n\t\t\t\t<\/div>\n\t\t\t\t\t<\/div>\n\t\t\t\t<\/div>\n\t\t\t\t\t<\/div>\n\t\t\t\t<\/div>\n\t\t\t\t<\/div>","protected":false},"excerpt":{"rendered":"<p>Ananas Galya K\u0131rkaga\u00e7 Siyah Karpuz<\/p>","protected":false},"author":1,"featured_media":0,"parent":0,"menu_order":0,"comment_status":"closed","ping_status":"closed","template":"","meta":{"footnotes":""},"class_list":["post-3076","page","type-page","status-publish","hentry"],"_links":{"self":[{"href":"https:\/\/www.lidertohum.com\/en\/wp-json\/wp\/v2\/pages\/3076","targetHints":{"allow":["GET"]}}],"collection":[{"href":"https:\/\/www.lidertohum.com\/en\/wp-json\/wp\/v2\/pages"}],"about":[{"href":"https:\/\/www.lidertohum.com\/en\/wp-json\/wp\/v2\/types\/page"}],"author":[{"embeddable":true,"href":"https:\/\/www.lidertohum.com\/en\/wp-json\/wp\/v2\/users\/1"}],"replies":[{"embeddable":true,"href":"https:\/\/www.lidertohum.com\/en\/wp-json\/wp\/v2\/comments?post=3076"}],"version-history":[{"count":19,"href":"https:\/\/www.lidertohum.com\/en\/wp-json\/wp\/v2\/pages\/3076\/revisions"}],"predecessor-version":[{"id":3669,"href":"https:\/\/www.lidertohum.com\/en\/wp-json\/wp\/v2\/pages\/3076\/revisions\/3669"}],"wp:attachment":[{"href":"https:\/\/www.lidertohum.com\/en\/wp-json\/wp\/v2\/media?parent=3076"}],"curies":[{"name":"wp","href":"https:\/\/api.w.org\/{rel}","templated":true}]}}