{"id":3344,"date":"2024-05-15T09:32:00","date_gmt":"2024-05-15T09:32:00","guid":{"rendered":"http:\/\/www.lidertohum.com\/?page_id=3344"},"modified":"2024-05-18T13:55:36","modified_gmt":"2024-05-18T13:55:36","slug":"reformiste","status":"publish","type":"page","link":"https:\/\/www.lidertohum.com\/en\/reformiste\/","title":{"rendered":"REFORM\u0130STE"},"content":{"rendered":"<div data-elementor-type=\"wp-page\" data-elementor-id=\"3344\" class=\"elementor elementor-3344\">\n\t\t\t\t<div class=\"elementor-element elementor-element-5333a07 e-flex e-con-boxed e-con e-parent\" data-id=\"5333a07\" data-element_type=\"container\">\n\t\t\t\t\t<div class=\"e-con-inner\">\n\t\t\r\n\t\t<div class=\"elementor-element elementor-element-e42cd93 elementor-widget elementor-widget-frutinproducttab\" data-id=\"e42cd93\" data-element_type=\"widget\" data-widget_type=\"frutinproducttab.default\">\n\t\t\t\t<div class=\"elementor-widget-container\">\n\t\t\t<div class=\"filter-menu filter-menu-active\"><button class=\"th-btn tab-btn\" data-filter=\".reformist\" type=\"button\">Reformist<\/button><\/div><div class=\"row gy-4 filter-active\">\r\n\t\t\t\t\t<div class=\"filter-item col-xl-3 col-lg-4 col-sm-6 reformist\"><div class=\"product-wrapper product type-product post-3924 status-publish first instock product_cat-reformist has-post-thumbnail shipping-taxable product-type-simple\">\n\t<div class=\"th-product th-product-box\"><a href=\"https:\/\/www.lidertohum.com\/en\/product\/ozbek-6303-f1\/\" class=\"product-link\"><div class=\"product-img\"><img fetchpriority=\"high\" decoding=\"async\" width=\"312\" height=\"312\" src=\"https:\/\/www.lidertohum.com\/wp-content\/uploads\/2024\/05\/ozbek-2-312x312.png\" class=\"attachment-frutin-shop-small-image size-frutin-shop-small-image wp-post-image\" alt=\"\" srcset=\"https:\/\/www.lidertohum.com\/wp-content\/uploads\/2024\/05\/ozbek-2-312x312.png 312w, https:\/\/www.lidertohum.com\/wp-content\/uploads\/2024\/05\/ozbek-2-150x150.png 150w, https:\/\/www.lidertohum.com\/wp-content\/uploads\/2024\/05\/ozbek-2-70x70.png 70w, https:\/\/www.lidertohum.com\/wp-content\/uploads\/2024\/05\/ozbek-2-90x90.png 90w, https:\/\/www.lidertohum.com\/wp-content\/uploads\/2024\/05\/ozbek-2-580x580.png 580w, https:\/\/www.lidertohum.com\/wp-content\/uploads\/2024\/05\/ozbek-2-300x300.png 300w, https:\/\/www.lidertohum.com\/wp-content\/uploads\/2024\/05\/ozbek-2-100x100.png 100w\" sizes=\"(max-width: 312px) 100vw, 312px\" \/><div class=\"actions\"><\/div><\/div><div class=\"product-content\"><span class=\"product-category\">Reformist<\/span><h3 class=\"product-title\">\u00d6ZBEK 6303 F1<\/h3>\n<div class=\"woocommerce-product-rating\"><span class=\"count\">(0 Reviews)<\/span><\/div><\/div><\/a><\/div><\/div><\/div>\r\n\t\t\t\t\t<div class=\"filter-item col-xl-3 col-lg-4 col-sm-6 reformist\"><div class=\"product-wrapper product type-product post-3921 status-publish instock product_cat-reformist has-post-thumbnail shipping-taxable product-type-simple\">\n\t<div class=\"th-product th-product-box\"><a href=\"https:\/\/www.lidertohum.com\/en\/product\/esen-f1\/\" class=\"product-link\"><div class=\"product-img\"><img decoding=\"async\" width=\"312\" height=\"312\" src=\"https:\/\/www.lidertohum.com\/wp-content\/uploads\/2024\/05\/esen-2-312x312.png\" class=\"attachment-frutin-shop-small-image size-frutin-shop-small-image wp-post-image\" alt=\"\" srcset=\"https:\/\/www.lidertohum.com\/wp-content\/uploads\/2024\/05\/esen-2-312x312.png 312w, https:\/\/www.lidertohum.com\/wp-content\/uploads\/2024\/05\/esen-2-150x150.png 150w, https:\/\/www.lidertohum.com\/wp-content\/uploads\/2024\/05\/esen-2-70x70.png 70w, https:\/\/www.lidertohum.com\/wp-content\/uploads\/2024\/05\/esen-2-90x90.png 90w, https:\/\/www.lidertohum.com\/wp-content\/uploads\/2024\/05\/esen-2-580x580.png 580w, https:\/\/www.lidertohum.com\/wp-content\/uploads\/2024\/05\/esen-2-300x300.png 300w, https:\/\/www.lidertohum.com\/wp-content\/uploads\/2024\/05\/esen-2-100x100.png 100w\" sizes=\"(max-width: 312px) 100vw, 312px\" \/><div class=\"actions\"><\/div><\/div><div class=\"product-content\"><span class=\"product-category\">Reformist<\/span><h3 class=\"product-title\">ESEN F1<\/h3>\n<div class=\"woocommerce-product-rating\"><span class=\"count\">(0 Reviews)<\/span><\/div><\/div><\/a><\/div><\/div><\/div>\r\n\t\t\t\t\t<div class=\"filter-item col-xl-3 col-lg-4 col-sm-6 reformist\"><div class=\"product-wrapper product type-product post-3917 status-publish instock product_cat-reformist has-post-thumbnail shipping-taxable product-type-simple\">\n\t<div class=\"th-product th-product-box\"><a href=\"https:\/\/www.lidertohum.com\/en\/product\/bulut-f1\/\" class=\"product-link\"><div class=\"product-img\"><img decoding=\"async\" width=\"312\" height=\"312\" src=\"https:\/\/www.lidertohum.com\/wp-content\/uploads\/2024\/05\/bulut-f1-312x312.png\" class=\"attachment-frutin-shop-small-image size-frutin-shop-small-image wp-post-image\" alt=\"\" srcset=\"https:\/\/www.lidertohum.com\/wp-content\/uploads\/2024\/05\/bulut-f1-312x312.png 312w, https:\/\/www.lidertohum.com\/wp-content\/uploads\/2024\/05\/bulut-f1-150x150.png 150w, https:\/\/www.lidertohum.com\/wp-content\/uploads\/2024\/05\/bulut-f1-70x70.png 70w, https:\/\/www.lidertohum.com\/wp-content\/uploads\/2024\/05\/bulut-f1-90x90.png 90w, https:\/\/www.lidertohum.com\/wp-content\/uploads\/2024\/05\/bulut-f1-580x580.png 580w, https:\/\/www.lidertohum.com\/wp-content\/uploads\/2024\/05\/bulut-f1-300x300.png 300w, https:\/\/www.lidertohum.com\/wp-content\/uploads\/2024\/05\/bulut-f1-100x100.png 100w\" sizes=\"(max-width: 312px) 100vw, 312px\" \/><div class=\"actions\"><\/div><\/div><div class=\"product-content\"><span class=\"product-category\">Reformist<\/span><h3 class=\"product-title\">BULUT F1<\/h3>\n<div class=\"woocommerce-product-rating\"><span class=\"count\">(0 Reviews)<\/span><\/div><\/div><\/a><\/div><\/div><\/div>\r\n\t\t\t\t\t<div class=\"filter-item col-xl-3 col-lg-4 col-sm-6 reformist\"><div class=\"product-wrapper product type-product post-3913 status-publish last instock product_cat-reformist has-post-thumbnail shipping-taxable product-type-simple\">\n\t<div class=\"th-product th-product-box\"><a href=\"https:\/\/www.lidertohum.com\/en\/product\/basak-f1\/\" class=\"product-link\"><div class=\"product-img\"><img loading=\"lazy\" decoding=\"async\" width=\"312\" height=\"312\" src=\"https:\/\/www.lidertohum.com\/wp-content\/uploads\/2024\/05\/basak-2-312x312.png\" class=\"attachment-frutin-shop-small-image size-frutin-shop-small-image wp-post-image\" alt=\"\" srcset=\"https:\/\/www.lidertohum.com\/wp-content\/uploads\/2024\/05\/basak-2-312x312.png 312w, https:\/\/www.lidertohum.com\/wp-content\/uploads\/2024\/05\/basak-2-150x150.png 150w, https:\/\/www.lidertohum.com\/wp-content\/uploads\/2024\/05\/basak-2-70x70.png 70w, https:\/\/www.lidertohum.com\/wp-content\/uploads\/2024\/05\/basak-2-90x90.png 90w, https:\/\/www.lidertohum.com\/wp-content\/uploads\/2024\/05\/basak-2-580x580.png 580w, https:\/\/www.lidertohum.com\/wp-content\/uploads\/2024\/05\/basak-2-300x300.png 300w, https:\/\/www.lidertohum.com\/wp-content\/uploads\/2024\/05\/basak-2-100x100.png 100w\" sizes=\"(max-width: 312px) 100vw, 312px\" \/><div class=\"actions\"><\/div><\/div><div class=\"product-content\"><span class=\"product-category\">Reformist<\/span><h3 class=\"product-title\">BA\u015eAK F1<\/h3>\n<div class=\"woocommerce-product-rating\"><span class=\"count\">(0 Reviews)<\/span><\/div><\/div><\/a><\/div><\/div><\/div><\/div>\t\t<\/div>\n\t\t\t\t<\/div>\n\t\t\t\t\t<\/div>\n\t\t\t\t<\/div>\n\t\t\t\t<\/div>","protected":false},"excerpt":{"rendered":"<p>Reformist Aday \u00c7e\u015fitlerimiz LDR 15-3006 F1 (A\u00e7\u0131k Saha Silindirik Patl\u0131can) (0 Reviews)<\/p>","protected":false},"author":1,"featured_media":0,"parent":0,"menu_order":0,"comment_status":"closed","ping_status":"closed","template":"","meta":{"footnotes":""},"class_list":["post-3344","page","type-page","status-publish","hentry"],"_links":{"self":[{"href":"https:\/\/www.lidertohum.com\/en\/wp-json\/wp\/v2\/pages\/3344","targetHints":{"allow":["GET"]}}],"collection":[{"href":"https:\/\/www.lidertohum.com\/en\/wp-json\/wp\/v2\/pages"}],"about":[{"href":"https:\/\/www.lidertohum.com\/en\/wp-json\/wp\/v2\/types\/page"}],"author":[{"embeddable":true,"href":"https:\/\/www.lidertohum.com\/en\/wp-json\/wp\/v2\/users\/1"}],"replies":[{"embeddable":true,"href":"https:\/\/www.lidertohum.com\/en\/wp-json\/wp\/v2\/comments?post=3344"}],"version-history":[{"count":25,"href":"https:\/\/www.lidertohum.com\/en\/wp-json\/wp\/v2\/pages\/3344\/revisions"}],"predecessor-version":[{"id":3851,"href":"https:\/\/www.lidertohum.com\/en\/wp-json\/wp\/v2\/pages\/3344\/revisions\/3851"}],"wp:attachment":[{"href":"https:\/\/www.lidertohum.com\/en\/wp-json\/wp\/v2\/media?parent=3344"}],"curies":[{"name":"wp","href":"https:\/\/api.w.org\/{rel}","templated":true}]}}