{"id":4009,"date":"2024-05-25T11:58:57","date_gmt":"2024-05-25T11:58:57","guid":{"rendered":"http:\/\/www.lidertohum.com\/?page_id=4009"},"modified":"2024-05-25T12:00:58","modified_gmt":"2024-05-25T12:00:58","slug":"saglam","status":"publish","type":"page","link":"https:\/\/www.lidertohum.com\/en\/saglam\/","title":{"rendered":"Sa\u011flam"},"content":{"rendered":"<div data-elementor-type=\"wp-page\" data-elementor-id=\"4009\" class=\"elementor elementor-4009\">\n\t\t\t\t<div class=\"elementor-element elementor-element-f01cefb e-flex e-con-boxed e-con e-parent\" data-id=\"f01cefb\" data-element_type=\"container\">\n\t\t\t\t\t<div class=\"e-con-inner\">\n\t\t\r\n\t\t<div class=\"elementor-element elementor-element-2ff0307 elementor-widget elementor-widget-frutinproducttab\" data-id=\"2ff0307\" data-element_type=\"widget\" data-widget_type=\"frutinproducttab.default\">\n\t\t\t\t<div class=\"elementor-widget-container\">\n\t\t\t<div class=\"filter-menu filter-menu-active\"><button class=\"th-btn tab-btn\" data-filter=\".saglam\" type=\"button\">Saglam<\/button><\/div><div class=\"row gy-4 filter-active\">\r\n\t\t\t\t\t<div class=\"filter-item col-xl-3 col-lg-4 col-sm-6 saglam\"><div class=\"product-wrapper product type-product post-3999 status-publish first instock product_cat-saglam has-post-thumbnail shipping-taxable product-type-simple\">\n\t<div class=\"th-product th-product-box\"><a href=\"https:\/\/www.lidertohum.com\/en\/product\/seckin-f1\/\" class=\"product-link\"><div class=\"product-img\"><img fetchpriority=\"high\" decoding=\"async\" width=\"312\" height=\"312\" src=\"https:\/\/www.lidertohum.com\/wp-content\/uploads\/2024\/05\/SECKIN-2-312x312.png\" class=\"attachment-frutin-shop-small-image size-frutin-shop-small-image wp-post-image\" alt=\"\" srcset=\"https:\/\/www.lidertohum.com\/wp-content\/uploads\/2024\/05\/SECKIN-2-312x312.png 312w, https:\/\/www.lidertohum.com\/wp-content\/uploads\/2024\/05\/SECKIN-2-150x150.png 150w, https:\/\/www.lidertohum.com\/wp-content\/uploads\/2024\/05\/SECKIN-2-70x70.png 70w, https:\/\/www.lidertohum.com\/wp-content\/uploads\/2024\/05\/SECKIN-2-90x90.png 90w, https:\/\/www.lidertohum.com\/wp-content\/uploads\/2024\/05\/SECKIN-2-580x580.png 580w, https:\/\/www.lidertohum.com\/wp-content\/uploads\/2024\/05\/SECKIN-2-300x300.png 300w, https:\/\/www.lidertohum.com\/wp-content\/uploads\/2024\/05\/SECKIN-2-100x100.png 100w\" sizes=\"(max-width: 312px) 100vw, 312px\" \/><div class=\"actions\"><\/div><\/div><div class=\"product-content\"><span class=\"product-category\">Sa\u011flam<\/span><h3 class=\"product-title\">SE\u00c7K\u0130N F1<\/h3>\n<div class=\"woocommerce-product-rating\"><span class=\"count\">(0 Reviews)<\/span><\/div><\/div><\/a><\/div><\/div><\/div>\r\n\t\t\t\t\t<div class=\"filter-item col-xl-3 col-lg-4 col-sm-6 saglam\"><div class=\"product-wrapper product type-product post-3996 status-publish instock product_cat-saglam has-post-thumbnail shipping-taxable product-type-simple\">\n\t<div class=\"th-product th-product-box\"><a href=\"https:\/\/www.lidertohum.com\/en\/product\/okur-f1\/\" class=\"product-link\"><div class=\"product-img\"><img decoding=\"async\" width=\"312\" height=\"312\" src=\"https:\/\/www.lidertohum.com\/wp-content\/uploads\/2024\/05\/okur-f1-2-312x312.png\" class=\"attachment-frutin-shop-small-image size-frutin-shop-small-image wp-post-image\" alt=\"\" srcset=\"https:\/\/www.lidertohum.com\/wp-content\/uploads\/2024\/05\/okur-f1-2-312x312.png 312w, https:\/\/www.lidertohum.com\/wp-content\/uploads\/2024\/05\/okur-f1-2-150x150.png 150w, https:\/\/www.lidertohum.com\/wp-content\/uploads\/2024\/05\/okur-f1-2-70x70.png 70w, https:\/\/www.lidertohum.com\/wp-content\/uploads\/2024\/05\/okur-f1-2-90x90.png 90w, https:\/\/www.lidertohum.com\/wp-content\/uploads\/2024\/05\/okur-f1-2-580x580.png 580w, https:\/\/www.lidertohum.com\/wp-content\/uploads\/2024\/05\/okur-f1-2-300x300.png 300w, https:\/\/www.lidertohum.com\/wp-content\/uploads\/2024\/05\/okur-f1-2-100x100.png 100w\" sizes=\"(max-width: 312px) 100vw, 312px\" \/><div class=\"actions\"><\/div><\/div><div class=\"product-content\"><span class=\"product-category\">Sa\u011flam<\/span><h3 class=\"product-title\">OKUR F1<\/h3>\n<div class=\"woocommerce-product-rating\"><span class=\"count\">(0 Reviews)<\/span><\/div><\/div><\/a><\/div><\/div><\/div>\r\n\t\t\t\t\t<div class=\"filter-item col-xl-3 col-lg-4 col-sm-6 saglam\"><div class=\"product-wrapper product type-product post-3993 status-publish instock product_cat-saglam has-post-thumbnail shipping-taxable product-type-simple\">\n\t<div class=\"th-product th-product-box\"><a href=\"https:\/\/www.lidertohum.com\/en\/product\/mecnun-f1\/\" class=\"product-link\"><div class=\"product-img\"><img decoding=\"async\" width=\"312\" height=\"312\" src=\"https:\/\/www.lidertohum.com\/wp-content\/uploads\/2024\/05\/MECNUNF1-312x312.png\" class=\"attachment-frutin-shop-small-image size-frutin-shop-small-image wp-post-image\" alt=\"\" srcset=\"https:\/\/www.lidertohum.com\/wp-content\/uploads\/2024\/05\/MECNUNF1-312x312.png 312w, https:\/\/www.lidertohum.com\/wp-content\/uploads\/2024\/05\/MECNUNF1-150x150.png 150w, https:\/\/www.lidertohum.com\/wp-content\/uploads\/2024\/05\/MECNUNF1-70x70.png 70w, https:\/\/www.lidertohum.com\/wp-content\/uploads\/2024\/05\/MECNUNF1-90x90.png 90w, https:\/\/www.lidertohum.com\/wp-content\/uploads\/2024\/05\/MECNUNF1-580x580.png 580w, https:\/\/www.lidertohum.com\/wp-content\/uploads\/2024\/05\/MECNUNF1-300x300.png 300w, https:\/\/www.lidertohum.com\/wp-content\/uploads\/2024\/05\/MECNUNF1-100x100.png 100w\" sizes=\"(max-width: 312px) 100vw, 312px\" \/><div class=\"actions\"><\/div><\/div><div class=\"product-content\"><span class=\"product-category\">Sa\u011flam<\/span><h3 class=\"product-title\">MECNUN F1<\/h3>\n<div class=\"woocommerce-product-rating\"><span class=\"count\">(0 Reviews)<\/span><\/div><\/div><\/a><\/div><\/div><\/div>\r\n\t\t\t\t\t<div class=\"filter-item col-xl-3 col-lg-4 col-sm-6 saglam\"><div class=\"product-wrapper product type-product post-3989 status-publish last instock product_cat-saglam has-post-thumbnail shipping-taxable product-type-simple\">\n\t<div class=\"th-product th-product-box\"><a href=\"https:\/\/www.lidertohum.com\/en\/product\/leyla-f1\/\" class=\"product-link\"><div class=\"product-img\"><img loading=\"lazy\" decoding=\"async\" width=\"312\" height=\"312\" src=\"https:\/\/www.lidertohum.com\/wp-content\/uploads\/2024\/05\/LEYAF1-2-312x312.png\" class=\"attachment-frutin-shop-small-image size-frutin-shop-small-image wp-post-image\" alt=\"\" srcset=\"https:\/\/www.lidertohum.com\/wp-content\/uploads\/2024\/05\/LEYAF1-2-312x312.png 312w, https:\/\/www.lidertohum.com\/wp-content\/uploads\/2024\/05\/LEYAF1-2-150x150.png 150w, https:\/\/www.lidertohum.com\/wp-content\/uploads\/2024\/05\/LEYAF1-2-70x70.png 70w, https:\/\/www.lidertohum.com\/wp-content\/uploads\/2024\/05\/LEYAF1-2-90x90.png 90w, https:\/\/www.lidertohum.com\/wp-content\/uploads\/2024\/05\/LEYAF1-2-580x580.png 580w, https:\/\/www.lidertohum.com\/wp-content\/uploads\/2024\/05\/LEYAF1-2-300x300.png 300w, https:\/\/www.lidertohum.com\/wp-content\/uploads\/2024\/05\/LEYAF1-2-100x100.png 100w\" sizes=\"(max-width: 312px) 100vw, 312px\" \/><div class=\"actions\"><\/div><\/div><div class=\"product-content\"><span class=\"product-category\">Sa\u011flam<\/span><h3 class=\"product-title\">LEYLA F1<\/h3>\n<div class=\"woocommerce-product-rating\"><span class=\"count\">(0 Reviews)<\/span><\/div><\/div><\/a><\/div><\/div><\/div>\r\n\t\t\t\t\t<div class=\"filter-item col-xl-3 col-lg-4 col-sm-6 saglam\"><div class=\"product-wrapper product type-product post-3985 status-publish first instock product_cat-saglam has-post-thumbnail shipping-taxable product-type-simple\">\n\t<div class=\"th-product th-product-box\"><a href=\"https:\/\/www.lidertohum.com\/en\/product\/ideal-f1\/\" class=\"product-link\"><div class=\"product-img\"><img loading=\"lazy\" decoding=\"async\" width=\"312\" height=\"312\" src=\"https:\/\/www.lidertohum.com\/wp-content\/uploads\/2024\/05\/idealf1-3-312x312.png\" class=\"attachment-frutin-shop-small-image size-frutin-shop-small-image wp-post-image\" alt=\"\" srcset=\"https:\/\/www.lidertohum.com\/wp-content\/uploads\/2024\/05\/idealf1-3-312x312.png 312w, https:\/\/www.lidertohum.com\/wp-content\/uploads\/2024\/05\/idealf1-3-150x150.png 150w, https:\/\/www.lidertohum.com\/wp-content\/uploads\/2024\/05\/idealf1-3-70x70.png 70w, https:\/\/www.lidertohum.com\/wp-content\/uploads\/2024\/05\/idealf1-3-90x90.png 90w, https:\/\/www.lidertohum.com\/wp-content\/uploads\/2024\/05\/idealf1-3-580x580.png 580w, https:\/\/www.lidertohum.com\/wp-content\/uploads\/2024\/05\/idealf1-3-300x300.png 300w, https:\/\/www.lidertohum.com\/wp-content\/uploads\/2024\/05\/idealf1-3-100x100.png 100w\" sizes=\"(max-width: 312px) 100vw, 312px\" \/><div class=\"actions\"><\/div><\/div><div class=\"product-content\"><span class=\"product-category\">Sa\u011flam<\/span><h3 class=\"product-title\">\u0130DEAL F1<\/h3>\n<div class=\"woocommerce-product-rating\"><span class=\"count\">(0 Reviews)<\/span><\/div><\/div><\/a><\/div><\/div><\/div>\r\n\t\t\t\t\t<div class=\"filter-item col-xl-3 col-lg-4 col-sm-6 saglam\"><div class=\"product-wrapper product type-product post-3981 status-publish instock product_cat-saglam has-post-thumbnail shipping-taxable product-type-simple\">\n\t<div class=\"th-product th-product-box\"><a href=\"https:\/\/www.lidertohum.com\/en\/product\/fetih-1\/\" class=\"product-link\"><div class=\"product-img\"><img loading=\"lazy\" decoding=\"async\" width=\"312\" height=\"312\" src=\"https:\/\/www.lidertohum.com\/wp-content\/uploads\/2024\/05\/fetih1-312x312.png\" class=\"attachment-frutin-shop-small-image size-frutin-shop-small-image wp-post-image\" alt=\"\" srcset=\"https:\/\/www.lidertohum.com\/wp-content\/uploads\/2024\/05\/fetih1-312x312.png 312w, https:\/\/www.lidertohum.com\/wp-content\/uploads\/2024\/05\/fetih1-150x150.png 150w, https:\/\/www.lidertohum.com\/wp-content\/uploads\/2024\/05\/fetih1-70x70.png 70w, https:\/\/www.lidertohum.com\/wp-content\/uploads\/2024\/05\/fetih1-90x90.png 90w, https:\/\/www.lidertohum.com\/wp-content\/uploads\/2024\/05\/fetih1-580x580.png 580w, https:\/\/www.lidertohum.com\/wp-content\/uploads\/2024\/05\/fetih1-300x300.png 300w, https:\/\/www.lidertohum.com\/wp-content\/uploads\/2024\/05\/fetih1-100x100.png 100w\" sizes=\"(max-width: 312px) 100vw, 312px\" \/><div class=\"actions\"><\/div><\/div><div class=\"product-content\"><span class=\"product-category\">Sa\u011flam<\/span><h3 class=\"product-title\">FET\u0130H 1<\/h3>\n<div class=\"woocommerce-product-rating\"><span class=\"count\">(0 Reviews)<\/span><\/div><\/div><\/a><\/div><\/div><\/div>\r\n\t\t\t\t\t<div class=\"filter-item col-xl-3 col-lg-4 col-sm-6 saglam\"><div class=\"product-wrapper product type-product post-3977 status-publish instock product_cat-saglam has-post-thumbnail shipping-taxable product-type-simple\">\n\t<div class=\"th-product th-product-box\"><a href=\"https:\/\/www.lidertohum.com\/en\/product\/dolby-f1-2\/\" class=\"product-link\"><div class=\"product-img\"><img loading=\"lazy\" decoding=\"async\" width=\"312\" height=\"312\" src=\"https:\/\/www.lidertohum.com\/wp-content\/uploads\/2024\/05\/dolby-2-312x312.png\" class=\"attachment-frutin-shop-small-image size-frutin-shop-small-image wp-post-image\" alt=\"\" srcset=\"https:\/\/www.lidertohum.com\/wp-content\/uploads\/2024\/05\/dolby-2-312x312.png 312w, https:\/\/www.lidertohum.com\/wp-content\/uploads\/2024\/05\/dolby-2-150x150.png 150w, https:\/\/www.lidertohum.com\/wp-content\/uploads\/2024\/05\/dolby-2-70x70.png 70w, https:\/\/www.lidertohum.com\/wp-content\/uploads\/2024\/05\/dolby-2-90x90.png 90w, https:\/\/www.lidertohum.com\/wp-content\/uploads\/2024\/05\/dolby-2-580x580.png 580w, https:\/\/www.lidertohum.com\/wp-content\/uploads\/2024\/05\/dolby-2-300x300.png 300w, https:\/\/www.lidertohum.com\/wp-content\/uploads\/2024\/05\/dolby-2-100x100.png 100w\" sizes=\"(max-width: 312px) 100vw, 312px\" \/><div class=\"actions\"><\/div><\/div><div class=\"product-content\"><span class=\"product-category\">Sa\u011flam<\/span><h3 class=\"product-title\">DOLBY F1<\/h3>\n<div class=\"woocommerce-product-rating\"><span class=\"count\">(0 Reviews)<\/span><\/div><\/div><\/a><\/div><\/div><\/div>\r\n\t\t\t\t\t<div class=\"filter-item col-xl-3 col-lg-4 col-sm-6 saglam\"><div class=\"product-wrapper product type-product post-3972 status-publish last instock product_cat-saglam has-post-thumbnail shipping-taxable product-type-simple\">\n\t<div class=\"th-product th-product-box\"><a href=\"https:\/\/www.lidertohum.com\/en\/product\/doleras-f1\/\" class=\"product-link\"><div class=\"product-img\"><img loading=\"lazy\" decoding=\"async\" width=\"312\" height=\"312\" src=\"https:\/\/www.lidertohum.com\/wp-content\/uploads\/2024\/05\/dolerasf1-312x312.png\" class=\"attachment-frutin-shop-small-image size-frutin-shop-small-image wp-post-image\" alt=\"\" srcset=\"https:\/\/www.lidertohum.com\/wp-content\/uploads\/2024\/05\/dolerasf1-312x312.png 312w, https:\/\/www.lidertohum.com\/wp-content\/uploads\/2024\/05\/dolerasf1-150x150.png 150w, https:\/\/www.lidertohum.com\/wp-content\/uploads\/2024\/05\/dolerasf1-70x70.png 70w, https:\/\/www.lidertohum.com\/wp-content\/uploads\/2024\/05\/dolerasf1-90x90.png 90w, https:\/\/www.lidertohum.com\/wp-content\/uploads\/2024\/05\/dolerasf1-580x580.png 580w, https:\/\/www.lidertohum.com\/wp-content\/uploads\/2024\/05\/dolerasf1-300x300.png 300w, https:\/\/www.lidertohum.com\/wp-content\/uploads\/2024\/05\/dolerasf1-100x100.png 100w\" sizes=\"(max-width: 312px) 100vw, 312px\" \/><div class=\"actions\"><\/div><\/div><div class=\"product-content\"><span class=\"product-category\">Sa\u011flam<\/span><h3 class=\"product-title\">DOLERAS F1<\/h3>\n<div class=\"woocommerce-product-rating\"><span class=\"count\">(0 Reviews)<\/span><\/div><\/div><\/a><\/div><\/div><\/div><\/div>\t\t<\/div>\n\t\t\t\t<\/div>\n\t\t\t\t\t<\/div>\n\t\t\t\t<\/div>\n\t\t\t\t<\/div>","protected":false},"excerpt":{"rendered":"<p>Saglam Sa\u011flam SE\u00c7K\u0130N F1 (0 Reviews) Sa\u011flam OKUR F1 (0 Reviews) Sa\u011flam MECNUN F1 (0 Reviews) Sa\u011flam LEYLA F1 (0 Reviews) Sa\u011flam \u0130DEAL F1 (0 Reviews) Sa\u011flam FET\u0130H 1 (0 Reviews) Sa\u011flam DOLBY F1 (0 Reviews) Sa\u011flam DOLERAS F1 (0 Reviews)<\/p>","protected":false},"author":1,"featured_media":0,"parent":0,"menu_order":0,"comment_status":"closed","ping_status":"closed","template":"","meta":{"footnotes":""},"class_list":["post-4009","page","type-page","status-publish","hentry"],"_links":{"self":[{"href":"https:\/\/www.lidertohum.com\/en\/wp-json\/wp\/v2\/pages\/4009","targetHints":{"allow":["GET"]}}],"collection":[{"href":"https:\/\/www.lidertohum.com\/en\/wp-json\/wp\/v2\/pages"}],"about":[{"href":"https:\/\/www.lidertohum.com\/en\/wp-json\/wp\/v2\/types\/page"}],"author":[{"embeddable":true,"href":"https:\/\/www.lidertohum.com\/en\/wp-json\/wp\/v2\/users\/1"}],"replies":[{"embeddable":true,"href":"https:\/\/www.lidertohum.com\/en\/wp-json\/wp\/v2\/comments?post=4009"}],"version-history":[{"count":4,"href":"https:\/\/www.lidertohum.com\/en\/wp-json\/wp\/v2\/pages\/4009\/revisions"}],"predecessor-version":[{"id":4013,"href":"https:\/\/www.lidertohum.com\/en\/wp-json\/wp\/v2\/pages\/4009\/revisions\/4013"}],"wp:attachment":[{"href":"https:\/\/www.lidertohum.com\/en\/wp-json\/wp\/v2\/media?parent=4009"}],"curies":[{"name":"wp","href":"https:\/\/api.w.org\/{rel}","templated":true}]}}