{"id":63,"date":"2023-10-16T16:44:09","date_gmt":"2023-10-16T16:44:09","guid":{"rendered":"https:\/\/themeholy.com\/wordpress\/frutin\/?page_id=63"},"modified":"2024-06-11T20:32:34","modified_gmt":"2024-06-11T20:32:34","slug":"hakkimizda","status":"publish","type":"page","link":"https:\/\/www.lidertohum.com\/en\/hakkimizda\/","title":{"rendered":"About"},"content":{"rendered":"<div data-elementor-type=\"wp-page\" data-elementor-id=\"63\" class=\"elementor elementor-63\">\n\t\t\t\t<div class=\"elementor-element elementor-element-7dc3539 e-flex e-con-boxed e-con e-parent\" data-id=\"7dc3539\" data-element_type=\"container\">\n\t\t\t\t\t<div class=\"e-con-inner\">\n\t\t\r\n<div class=\"elementor-element elementor-element-5ad0ae2 e-flex e-con-boxed e-con e-child\" data-id=\"5ad0ae2\" data-element_type=\"container\">\n\t\t\t\t\t<div class=\"e-con-inner\">\n\t\t\t\t\t<\/div>\n\t\t\t\t<\/div>\n\t\t\t\t<div class=\"elementor-element elementor-element-947e04d elementor-widget elementor-widget-spacer\" data-id=\"947e04d\" data-element_type=\"widget\" data-widget_type=\"spacer.default\">\n\t\t\t\t<div class=\"elementor-widget-container\">\n\t\t\t<style>\/*! elementor - v3.22.0 - 17-06-2024 *\/\n.elementor-column .elementor-spacer-inner{height:var(--spacer-size)}.e-con{--container-widget-width:100%}.e-con-inner>.elementor-widget-spacer,.e-con>.elementor-widget-spacer{width:var(--container-widget-width,var(--spacer-size));--align-self:var(--container-widget-align-self,initial);--flex-shrink:0}.e-con-inner>.elementor-widget-spacer>.elementor-widget-container,.e-con>.elementor-widget-spacer>.elementor-widget-container{height:100%;width:100%}.e-con-inner>.elementor-widget-spacer>.elementor-widget-container>.elementor-spacer,.e-con>.elementor-widget-spacer>.elementor-widget-container>.elementor-spacer{height:100%}.e-con-inner>.elementor-widget-spacer>.elementor-widget-container>.elementor-spacer>.elementor-spacer-inner,.e-con>.elementor-widget-spacer>.elementor-widget-container>.elementor-spacer>.elementor-spacer-inner{height:var(--container-widget-height,var(--spacer-size))}.e-con-inner>.elementor-widget-spacer.elementor-widget-empty,.e-con>.elementor-widget-spacer.elementor-widget-empty{position:relative;min-height:22px;min-width:22px}.e-con-inner>.elementor-widget-spacer.elementor-widget-empty .elementor-widget-empty-icon,.e-con>.elementor-widget-spacer.elementor-widget-empty .elementor-widget-empty-icon{position:absolute;top:0;bottom:0;left:0;right:0;margin:auto;padding:0;width:22px;height:22px}<\/style>\t\t<div class=\"elementor-spacer\">\n\t\t\t<div class=\"elementor-spacer-inner\"><\/div>\n\t\t<\/div>\n\t\t\t\t<\/div>\n\t\t\t\t<\/div>\n\t\t\t\t<div class=\"elementor-element elementor-element-eebc463 elementor-widget elementor-widget-image\" data-id=\"eebc463\" data-element_type=\"widget\" data-widget_type=\"image.default\">\n\t\t\t\t<div class=\"elementor-widget-container\">\n\t\t\t<style>\/*! elementor - v3.22.0 - 17-06-2024 *\/\n.elementor-widget-image{text-align:center}.elementor-widget-image a{display:inline-block}.elementor-widget-image a img[src$=\".svg\"]{width:48px}.elementor-widget-image img{vertical-align:middle;display:inline-block}<\/style>\t\t\t\t\t\t\t\t\t\t<img fetchpriority=\"high\" decoding=\"async\" width=\"751\" height=\"359\" src=\"https:\/\/www.lidertohum.com\/wp-content\/uploads\/2024\/05\/lider-tohum-hakkimizda-foto-1.jpg\" class=\"attachment-large size-large wp-image-3056\" alt=\"\" srcset=\"https:\/\/www.lidertohum.com\/wp-content\/uploads\/2024\/05\/lider-tohum-hakkimizda-foto-1.jpg 852w, https:\/\/www.lidertohum.com\/wp-content\/uploads\/2024\/05\/lider-tohum-hakkimizda-foto-1-300x143.jpg 300w, https:\/\/www.lidertohum.com\/wp-content\/uploads\/2024\/05\/lider-tohum-hakkimizda-foto-1-768x367.jpg 768w, https:\/\/www.lidertohum.com\/wp-content\/uploads\/2024\/05\/lider-tohum-hakkimizda-foto-1-600x287.jpg 600w\" sizes=\"(max-width: 751px) 100vw, 751px\" \/>\t\t\t\t\t\t\t\t\t\t\t\t\t<\/div>\n\t\t\t\t<\/div>\n\t\t\t\t\t<\/div>\n\t\t\t\t<\/div>\n\t\t<div class=\"elementor-element elementor-element-55f1a02 e-flex e-con-boxed e-con e-parent\" data-id=\"55f1a02\" data-element_type=\"container\">\n\t\t\t\t\t<div class=\"e-con-inner\">\n\t\t<div class=\"elementor-element elementor-element-32eca62 e-con-full e-flex e-con e-child\" data-id=\"32eca62\" data-element_type=\"container\">\n\t\t\t\t<div class=\"elementor-element elementor-element-d60eb36 elementor-widget elementor-widget-frutinimage\" data-id=\"d60eb36\" data-element_type=\"widget\" data-widget_type=\"frutinimage.default\">\n\t\t\t\t<div class=\"elementor-widget-container\">\n\t\t\t<div class=\"img-box1\"><div class=\"img1\"><img decoding=\"async\" src=\"http:\/\/www.lidertohum.com\/wp-content\/uploads\/2024\/05\/328x358-1.png\" alt=\"328x358 1\"  \/><\/div><div class=\"img2\"><img decoding=\"async\" src=\"http:\/\/www.lidertohum.com\/wp-content\/uploads\/2024\/05\/328x358-2.png\" alt=\"328x358 2\"  \/><\/div><div class=\"shape1 movingX\"><img decoding=\"async\" src=\"http:\/\/www.lidertohum.com\/wp-content\/uploads\/2023\/10\/about_1_3.png\" alt=\"about_1_3\"  \/><\/div><div class=\"year-counter\"><div class=\"year-counter_number\"><span class=\"counter-number\">25<\/span>+<\/div><p class=\"year-counter_text\">YEARS OF EXPERIENCE<\/p><\/div><\/div>\t\t<\/div>\n\t\t\t\t<\/div>\n\t\t\t\t<\/div>\n\t\t<div class=\"elementor-element elementor-element-e253460 e-con-full ps-xxl-5 ps-xl-2 ms-xl-1 text-center text-xl-start e-flex e-con e-child\" data-id=\"e253460\" data-element_type=\"container\">\n\t\t\t\t<div class=\"elementor-element elementor-element-39c23e1 elementor-widget elementor-widget-frutinsectiontitle\" data-id=\"39c23e1\" data-element_type=\"widget\" data-widget_type=\"frutinsectiontitle.default\">\n\t\t\t\t<div class=\"elementor-widget-container\">\n\t\t\t\t\t<div class=\"title-area-wrap\">\r\n\t\t\t<div class=\"title-area mb-32\">\r\n\t\t\t\t\t\t\t\t<span class=\"sub-title\">\r\n\t\t\t\t\t<img decoding=\"async\" src=\"https:\/\/www.lidertohum.com\/wp-content\/plugins\/frutin-core\/assets\/img\/title_icon.svg\" alt=\"title_icon\"  \/>About\t\t\t\t<\/span>\r\n\t\t\t\t\t\t\t\t<h3 class=\"sec-title\">We are at your service with the high quality vegetable seeds we produce.<\/h3><p class=\"sec-text\">L\u0130DER TOHUM LTD.\u015eT\u0130.\n\nIt was established in 1999 with the aim of reducing external dependency on seeds; increasing yield and ensuring quality in the product. Lider Tohum operates in vegetable breeding, hybrid vegetable seed production and marketing. Lider Tohum carries out vegetable breeding work in closed and open areas in pepper, tomato, cucumber, melon, watermelon and eggplant species.\n<br>\n<strong>Our mission;<\/strong>\n<br>\n\u2013 Reducing external dependency with domestic inputs,\n<br>\n\u2013 To offer the highest quality and highest yield products to Turkish farmers.\n<br>\n<strong>Our vision;<\/strong>\n<br>\n\u2013 To provide foreign currency inflow to our country by opening up to foreign markets,\n<br>\n\u2013 Improving competition in foreign markets with quality seeds,\n<br>\n\u2013 To conduct R&amp;D studies to produce higher quality seeds for Turkish agriculture.<\/p>\t\t\t<\/div>\r\n\t\t<\/div>\r\n\t\t\r\n\r\n\t\t\t<\/div>\n\t\t\t\t<\/div>\n\t\t\t\t<div class=\"elementor-element elementor-element-f0c3165 elementor-widget elementor-widget-frutinfeatures\" data-id=\"f0c3165\" data-element_type=\"widget\" data-widget_type=\"frutinfeatures.default\">\n\t\t\t\t<div class=\"elementor-widget-container\">\n\t\t\t<div class=\"about-feature-wrap\"><div class=\"about-feature\"><div class=\"box-icon\"><img decoding=\"async\" src=\"https:\/\/themeholy.com\/wordpress\/frutin\/wp-content\/uploads\/2023\/10\/about_feature_1.svg\" alt=\"about_feature_1\"  \/><\/div><h3 class=\"box-title\">Leading Company<\/h3><\/div><div class=\"about-feature\"><div class=\"box-icon\"><img decoding=\"async\" src=\"https:\/\/themeholy.com\/wordpress\/frutin\/wp-content\/uploads\/2023\/10\/about_feature_2.svg\" alt=\"about_feature_2\"  \/><\/div><h3 class=\"box-title\">Quality Vegetable Seeds<\/h3><\/div><\/div>\t\t<\/div>\n\t\t\t\t<\/div>\n\t\t\t\t<\/div>\n\t\t\t\t\t<\/div>\n\t\t\t\t<\/div>\n\t\t\t\t<\/div>","protected":false},"excerpt":{"rendered":"<p>25+ YILLARIN TECR\u00dcBES\u0130 Hakk\u0131m\u0131zda \u00dcretti\u011fimiz Y\u00fcksek Kalitedeki Sebze Tohumlar\u0131m\u0131zla Hizmetinizdeyiz L\u0130DER TOHUM LTD.\u015eT\u0130. Tohumda, d\u0131\u015fa olan ba\u011f\u0131ml\u0131l\u0131\u011f\u0131 azaltma; \u00fcr\u00fcnde verim art\u0131\u015f\u0131 ve kaliteyi sa\u011flamak amac\u0131 ile 1999 y\u0131l\u0131nda kurulmu\u015ftur. Lider Tohum sebze Islah\u0131, hibrit sebze tohumu \u00fcretimi ve pazarlama alanlar\u0131nda faaliyet g\u00f6stermektedir. Lider Tohum biber, domates, h\u0131yar, kavun, karpuz, patl\u0131can t\u00fcrlerinde kapal\u0131 ve a\u00e7\u0131k alanda&#8230;<\/p>","protected":false},"author":1,"featured_media":3056,"parent":0,"menu_order":0,"comment_status":"closed","ping_status":"closed","template":"redux-templates_full_width","meta":{"footnotes":""},"class_list":["post-63","page","type-page","status-publish","has-post-thumbnail","hentry"],"_links":{"self":[{"href":"https:\/\/www.lidertohum.com\/en\/wp-json\/wp\/v2\/pages\/63","targetHints":{"allow":["GET"]}}],"collection":[{"href":"https:\/\/www.lidertohum.com\/en\/wp-json\/wp\/v2\/pages"}],"about":[{"href":"https:\/\/www.lidertohum.com\/en\/wp-json\/wp\/v2\/types\/page"}],"author":[{"embeddable":true,"href":"https:\/\/www.lidertohum.com\/en\/wp-json\/wp\/v2\/users\/1"}],"replies":[{"embeddable":true,"href":"https:\/\/www.lidertohum.com\/en\/wp-json\/wp\/v2\/comments?post=63"}],"version-history":[{"count":65,"href":"https:\/\/www.lidertohum.com\/en\/wp-json\/wp\/v2\/pages\/63\/revisions"}],"predecessor-version":[{"id":4043,"href":"https:\/\/www.lidertohum.com\/en\/wp-json\/wp\/v2\/pages\/63\/revisions\/4043"}],"wp:featuredmedia":[{"embeddable":true,"href":"https:\/\/www.lidertohum.com\/en\/wp-json\/wp\/v2\/media\/3056"}],"wp:attachment":[{"href":"https:\/\/www.lidertohum.com\/en\/wp-json\/wp\/v2\/media?parent=63"}],"curies":[{"name":"wp","href":"https:\/\/api.w.org\/{rel}","templated":true}]}}