{"id":3207,"date":"2024-05-15T08:09:12","date_gmt":"2024-05-15T08:09:12","guid":{"rendered":"http:\/\/www.lidertohum.com\/?post_type=product&#038;p=3207"},"modified":"2024-05-24T10:01:07","modified_gmt":"2024-05-24T10:01:07","slug":"sarisin-f1-corbaci","status":"publish","type":"product","link":"https:\/\/www.lidertohum.com\/en\/product\/sarisin-f1-corbaci\/","title":{"rendered":"Sar\u0131\u015f\u0131n F1 (\u00c7orbac\u0131)"},"content":{"rendered":"","protected":false},"excerpt":{"rendered":"<tbody>\n<tr>\n<td><\/td>\n<td>\n<table>\n<tbody>\n<tr>\n<td><strong>PLANT CHARACTERISTICS<\/strong><\/td>\n<td><\/td>\n<\/tr>\n<tr>\n<td>Plant Power<\/td>\n<td>\u00a0Strong<\/td>\n<\/tr>\n<tr>\n<td>Cold Resistance<\/td>\n<td>\u00a0Good<\/td>\n<\/tr>\n<tr>\n<td>Yield<\/td>\n<td>\u00a0High<\/td>\n<\/tr>\n<tr>\n<td><\/td>\n<td><\/td>\n<\/tr>\n<tr>\n<td><strong>FRUIT CHARACTERISTICS<\/strong><\/td>\n<td><\/td>\n<\/tr>\n<tr>\n<td>Length<\/td>\n<td>\u00a023-25cm<\/td>\n<\/tr>\n<tr>\n<td>Color<\/td>\n<td>\u00a0Sar\u0131<\/td>\n<\/tr>\n<tr>\n<td>Taste<\/td>\n<td>\u00a0Sweet<\/td>\n<\/tr>\n<tr>\n<td>Average Fruit Weight<\/td>\n<td>\u00a020 gr.<\/td>\n<\/tr>\n<tr>\n<td>Shelf life<\/td>\n<td>LONG<\/td>\n<\/tr>\n<tr>\n<td><\/td>\n<td><\/td>\n<\/tr>\n<tr>\n<td><\/td>\n<td><\/td>\n<\/tr>\n<tr>\n<td><strong>CULTIVATION CHARACTERISTICS<\/strong><\/td>\n<td><\/td>\n<\/tr>\n<tr>\n<td>Cultivation Method<\/td>\n<td>\u00a0Open Field and Undercover<\/td>\n<\/tr>\n<tr>\n<td>Season<\/td>\n<td>\u00a0Fall and Spring<\/td>\n<\/tr>\n<\/tbody>\n<\/table>\n<\/td>\n<\/tr>\n<\/tbody>","protected":false},"featured_media":3208,"template":"","meta":[],"product_cat":[41],"product_tag":[],"class_list":{"0":"post-3207","1":"product","2":"type-product","3":"status-publish","4":"has-post-thumbnail","6":"product_cat-kil","8":"first","9":"instock","10":"shipping-taxable","11":"product-type-simple"},"_links":{"self":[{"href":"https:\/\/www.lidertohum.com\/en\/wp-json\/wp\/v2\/product\/3207","targetHints":{"allow":["GET"]}}],"collection":[{"href":"https:\/\/www.lidertohum.com\/en\/wp-json\/wp\/v2\/product"}],"about":[{"href":"https:\/\/www.lidertohum.com\/en\/wp-json\/wp\/v2\/types\/product"}],"wp:featuredmedia":[{"embeddable":true,"href":"https:\/\/www.lidertohum.com\/en\/wp-json\/wp\/v2\/media\/3208"}],"wp:attachment":[{"href":"https:\/\/www.lidertohum.com\/en\/wp-json\/wp\/v2\/media?parent=3207"}],"wp:term":[{"taxonomy":"product_cat","embeddable":true,"href":"https:\/\/www.lidertohum.com\/en\/wp-json\/wp\/v2\/product_cat?post=3207"},{"taxonomy":"product_tag","embeddable":true,"href":"https:\/\/www.lidertohum.com\/en\/wp-json\/wp\/v2\/product_tag?post=3207"}],"curies":[{"name":"wp","href":"https:\/\/api.w.org\/{rel}","templated":true}]}}