{"id":3223,"date":"2024-05-15T08:18:24","date_gmt":"2024-05-15T08:18:24","guid":{"rendered":"http:\/\/www.lidertohum.com\/?post_type=product&#038;p=3223"},"modified":"2024-08-13T12:20:14","modified_gmt":"2024-08-13T12:20:14","slug":"zuluf-f1","status":"publish","type":"product","link":"https:\/\/www.lidertohum.com\/en\/product\/zuluf-f1\/","title":{"rendered":"Z\u00fcl\u00fcf F1"},"content":{"rendered":"<p><b>Warning :\u00a0<\/b>The information is provided for informational purposes only. Disease tolerances are based on observations and analyses conducted by Lider Tohum. New and different races or pathotypes may emerge during different production processes. L\u0130DER TOHUM does not accept any responsibility as this information may differ depending on climate and production conditions.<\/p>\n<p><a href=\"https:\/\/antalyabeautiful.com\/antalya-hal-fiyatlari-guncel\"><span style=\"color: #ffffff;\">Antalya hal fiyatlar\u0131<\/span><\/a><\/p>","protected":false},"excerpt":{"rendered":"<p>&nbsp;<\/p>\n<table>\n<tbody>\n<tr>\n<td><strong>PLANT CHARACTERISTICS<\/strong><\/td>\n<td><\/td>\n<\/tr>\n<tr>\n<td>Plant Power<\/td>\n<td>Middle<\/td>\n<\/tr>\n<tr>\n<td>Foliation Shape<\/td>\n<td>Yar\u0131 A\u00e7\u0131k<\/td>\n<\/tr>\n<tr>\n<td>Internode<\/td>\n<td>Middle<\/td>\n<\/tr>\n<tr>\n<td>\u00a0Yield<\/td>\n<td>High<\/td>\n<\/tr>\n<tr>\n<td><strong>FRUIT CHARACTERISTICS<\/strong><\/td>\n<td><\/td>\n<\/tr>\n<tr>\n<td>Hardness<\/td>\n<td>Good<\/td>\n<\/tr>\n<tr>\n<td>Colour<\/td>\n<td>Red<\/td>\n<\/tr>\n<tr>\n<td>Average Fruit Weight<\/td>\n<td>10-15 gr.<\/td>\n<\/tr>\n<tr>\n<td>Tat ve Aroma<\/td>\n<td>Beautiful<\/td>\n<\/tr>\n<tr>\n<td>Shelf life<\/td>\n<td>LONG<\/td>\n<\/tr>\n<tr>\n<td><\/td>\n<td><\/td>\n<\/tr>\n<tr>\n<td><\/td>\n<td><\/td>\n<\/tr>\n<tr>\n<td><strong>CULTIVATION CHARACTERISTICS<\/strong><\/td>\n<td><\/td>\n<\/tr>\n<tr>\n<td>Cultivation Method<\/td>\n<td>Greenhouse and Open Field<\/td>\n<\/tr>\n<tr>\n<td>Season<\/td>\n<td>Spring<\/td>\n<\/tr>\n<tr>\n<td><\/td>\n<td><\/td>\n<\/tr>\n<\/tbody>\n<\/table>","protected":false},"featured_media":3224,"template":"","meta":[],"product_cat":[58],"product_tag":[],"class_list":{"0":"post-3223","1":"product","2":"type-product","3":"status-publish","4":"has-post-thumbnail","6":"product_cat-chery-kiraz","8":"first","9":"instock","10":"shipping-taxable","11":"product-type-simple"},"_links":{"self":[{"href":"https:\/\/www.lidertohum.com\/en\/wp-json\/wp\/v2\/product\/3223","targetHints":{"allow":["GET"]}}],"collection":[{"href":"https:\/\/www.lidertohum.com\/en\/wp-json\/wp\/v2\/product"}],"about":[{"href":"https:\/\/www.lidertohum.com\/en\/wp-json\/wp\/v2\/types\/product"}],"wp:featuredmedia":[{"embeddable":true,"href":"https:\/\/www.lidertohum.com\/en\/wp-json\/wp\/v2\/media\/3224"}],"wp:attachment":[{"href":"https:\/\/www.lidertohum.com\/en\/wp-json\/wp\/v2\/media?parent=3223"}],"wp:term":[{"taxonomy":"product_cat","embeddable":true,"href":"https:\/\/www.lidertohum.com\/en\/wp-json\/wp\/v2\/product_cat?post=3223"},{"taxonomy":"product_tag","embeddable":true,"href":"https:\/\/www.lidertohum.com\/en\/wp-json\/wp\/v2\/product_tag?post=3223"}],"curies":[{"name":"wp","href":"https:\/\/api.w.org\/{rel}","templated":true}]}}