{"id":3231,"date":"2024-05-15T08:22:26","date_gmt":"2024-05-15T08:22:26","guid":{"rendered":"http:\/\/www.lidertohum.com\/?post_type=product&#038;p=3231"},"modified":"2024-05-22T09:29:25","modified_gmt":"2024-05-22T09:29:25","slug":"sertap-f1","status":"publish","type":"product","link":"https:\/\/www.lidertohum.com\/en\/product\/sertap-f1\/","title":{"rendered":"Sertap F1"},"content":{"rendered":"<p><b>Warning :\u00a0<\/b>The information is provided for informational purposes only. Disease tolerances are based on observations and analyses conducted by Lider Tohum. New and different races or pathotypes may emerge during different production processes. L\u0130DER TOHUM does not accept any responsibility as this information may differ depending on climate and production conditions.<\/p>","protected":false},"excerpt":{"rendered":"<tbody>\n<tr>\n<td><\/td>\n<td>\n<table>\n<tbody>\n<tr>\n<td><strong>PLANT CHARACTERISTICS<\/strong><\/td>\n<td><\/td>\n<\/tr>\n<tr>\n<td>Plant Power<\/td>\n<td>\u00a0Strong<\/td>\n<\/tr>\n<tr>\n<td>Foliation Shape<\/td>\n<td>\u00a0Closed<\/td>\n<\/tr>\n<tr>\n<td>Node Interval<\/td>\n<td>\u00a0Short<\/td>\n<\/tr>\n<tr>\n<td>Yield<\/td>\n<td>\u00a0High<\/td>\n<\/tr>\n<tr>\n<td><strong>FRUIT CHARACTERISTICS<\/strong><\/td>\n<td><\/td>\n<\/tr>\n<tr>\n<td>Hardness<\/td>\n<td>\u00a0Very Hard<\/td>\n<\/tr>\n<tr>\n<td>Colour<\/td>\n<td>\u00a0Bright Red<\/td>\n<\/tr>\n<tr>\n<td>Sliced<\/td>\n<td>\u00a0Sliced<\/td>\n<\/tr>\n<tr>\n<td>Salk\u0131mdaki Meyve Say\u0131s\u0131<\/td>\n<td>\u00a07-8<\/td>\n<\/tr>\n<tr>\n<td>Average Fruit Weight<\/td>\n<td>\u00a0200-220 gr<\/td>\n<\/tr>\n<tr>\n<td>Shelf life<\/td>\n<td>\u00a0LONG<\/td>\n<\/tr>\n<tr>\n<td><\/td>\n<td><\/td>\n<\/tr>\n<tr>\n<td><strong>CULTIVATION CHARACTERISTICS<\/strong><\/td>\n<td><\/td>\n<\/tr>\n<tr>\n<td>Cultivation Method<\/td>\n<td>\u00a0Open Field and Undercover<\/td>\n<\/tr>\n<tr>\n<td>Season<\/td>\n<td>\u00a0Fall and Spring<\/td>\n<\/tr>\n<\/tbody>\n<\/table>\n<\/td>\n<\/tr>\n<\/tbody>","protected":false},"featured_media":3264,"template":"","meta":[],"product_cat":[60],"product_tag":[],"class_list":{"0":"post-3231","1":"product","2":"type-product","3":"status-publish","4":"has-post-thumbnail","6":"product_cat-tekli-standart","8":"first","9":"instock","10":"shipping-taxable","11":"product-type-simple"},"_links":{"self":[{"href":"https:\/\/www.lidertohum.com\/en\/wp-json\/wp\/v2\/product\/3231","targetHints":{"allow":["GET"]}}],"collection":[{"href":"https:\/\/www.lidertohum.com\/en\/wp-json\/wp\/v2\/product"}],"about":[{"href":"https:\/\/www.lidertohum.com\/en\/wp-json\/wp\/v2\/types\/product"}],"wp:featuredmedia":[{"embeddable":true,"href":"https:\/\/www.lidertohum.com\/en\/wp-json\/wp\/v2\/media\/3264"}],"wp:attachment":[{"href":"https:\/\/www.lidertohum.com\/en\/wp-json\/wp\/v2\/media?parent=3231"}],"wp:term":[{"taxonomy":"product_cat","embeddable":true,"href":"https:\/\/www.lidertohum.com\/en\/wp-json\/wp\/v2\/product_cat?post=3231"},{"taxonomy":"product_tag","embeddable":true,"href":"https:\/\/www.lidertohum.com\/en\/wp-json\/wp\/v2\/product_tag?post=3231"}],"curies":[{"name":"wp","href":"https:\/\/api.w.org\/{rel}","templated":true}]}}